{"id":1575,"date":"2024-02-23T12:14:09","date_gmt":"2024-02-23T11:14:09","guid":{"rendered":"https:\/\/www.isa.de\/?page_id=1575"},"modified":"2026-01-26T08:53:46","modified_gmt":"2026-01-26T07:53:46","slug":"imprint","status":"publish","type":"page","link":"https:\/\/www.isa.de\/en\/imprint\/","title":{"rendered":"Imprint"},"content":{"rendered":"\r\n<div id=\"c281\" class=\"csc-default\">\r\n<h3>Angaben gem\u00e4\u00df \u00a7\u20095 TMG<\/h3>\r\nISA Informationssysteme GmbH, Meisenweg 33, 70771 Leinfelden-Echterdingen, Deutschland<\/div>\r\n<div id=\"c665\" class=\"csc-default\">\r\n<h4>Vertreten durch<\/h4>\r\nDipl.-Betriebsw. (FH) Veli Velioglu\r\n<h4>Kontakt<\/h4>\r\nTelefon: +49 711 227 69-0<\/div>\r\n<div class=\"csc-default\">E-Mail: info[at]isa[dot]de\r\n<h4>Registereintrag<\/h4>\r\nEintragung im Handelsregister. Registergericht: Amtsgericht Stuttgart Registernummer: HRB 12418\r\n<h4>Umsatzsteuer-ID<\/h4>\r\nUmsatzsteuer-Identifikationsnummer gem\u00e4\u00df \u00a7\u200927\u2009a Umsatzsteuergesetz: DE 147803614<\/div>\r\n<div id=\"c666\" class=\"csc-default\">\r\n<div class=\"csc-header csc-header-n3\">\r\n<h3>Haftungsausschluss<\/h3>\r\n<\/div>\r\n<h4>Haftung f\u00fcr Inhalte<\/h4>\r\nAls Diens\u00adte\u00adan\u00adbie\u00adter sind wir gem\u00e4\u00df \u00a7\u20097\u2009Abs.1 TMG f\u00fcr eigene Inhalte auf die\u00adsen Sei\u00adten nach den all\u00adge\u00admei\u00adnen Geset\u00adzen ver\u00adant\u00adwort\u00adlich. Nach \u00a7\u00a7\u20098 bis 10 TMG sind wir als Diens\u00adte\u00adan\u00adbie\u00adter jedoch nicht ver\u00adpflich\u00adtet, \u00fcber\u00admit\u00adtelte oder gespei\u00adcherte fremde Infor\u00adma\u00adti\u00ado\u00adnen zu \u00fcber\u00adwa\u00adchen oder nach Umst\u00e4n\u00adden zu for\u00adschen, die auf eine rechts\u00adwid\u00adrige T\u00e4t\u00adig\u00adkeit hin\u00adwei\u00adsen. Ver\u00adpflich\u00adtun\u00adgen zur Ent\u00adfer\u00adnung oder Sper\u00adrung der Nut\u00adzung von Infor\u00adma\u00adti\u00ado\u00adnen nach den all\u00adge\u00admei\u00adnen Geset\u00adzen blei\u00adben hier\u00advon unbe\u00adr\u00fchrt. Eine dies\u00adbe\u00adz\u00fcg\u00adli\u00adche Haf\u00adtung ist jedoch erst ab dem Zeit\u00adpunkt der Kennt\u00adnis einer kon\u00adkre\u00adten Rechts\u00adver\u00adlet\u00adzung m\u00f6g\u00adlich. Bei Bekannt\u00adwer\u00adden von ent\u00adspre\u00adchen\u00adden Rechts\u00adver\u00adlet\u00adzun\u00adgen wer\u00adden wir diese Inhalte umge\u00adhend ent\u00adfer\u00adnen.\r\n<h4>Haftung f\u00fcr Links<\/h4>\r\nUnser Ange\u00adbot ent\u00adh\u00e4lt Links zu exter\u00adnen Web\u00adsei\u00adten Drit\u00adter, auf deren Inhalte wir kei\u00adnen Ein\u00adfluss haben. Des\u00adhalb k\u00f6n\u00adnen wir f\u00fcr diese frem\u00adden Inhalte auch keine Gew\u00e4hr \u00fcber\u00adneh\u00admen. F\u00fcr die Inhalte der ver\u00adlink\u00adten Sei\u00adten ist stets der jewei\u00adlige Anbie\u00adter oder Betrei\u00adber der Sei\u00adten ver\u00adant\u00adwort\u00adlich. Die ver\u00adlink\u00adten Sei\u00adten wur\u00adden zum Zeit\u00adpunkt der Ver\u00adlin\u00adkung auf m\u00f6g\u00adli\u00adche Rechts\u00adver\u00adst\u00f6\u00dfe \u00fcber\u00adpr\u00fcft. Rechts\u00adwid\u00adrige Inhalte waren zum Zeit\u00adpunkt der Ver\u00adlin\u00adkung nicht erkenn\u00adbar. Eine per\u00adma\u00adnente inhalt\u00adli\u00adche Kon\u00adtrolle der ver\u00adlink\u00adten Sei\u00adten ist jedoch ohne kon\u00adkrete Anhalts\u00adpunkte einer Rechts\u00adver\u00adlet\u00adzung nicht zumut\u00adbar. Bei Bekannt\u00adwer\u00adden von Rechts\u00adver\u00adlet\u00adzun\u00adgen wer\u00adden wir der\u00adar\u00adtige Links umge\u00adhend ent\u00adfer\u00adnen.<\/div>\r\n<div id=\"c957\" class=\"csc-default\">\r\n<div class=\"csc-header csc-header-n4\">\r\n<h4>Urheberrecht<\/h4>\r\n<\/div>\r\nDie durch die Sei\u00adten\u00adbe\u00adtrei\u00adber erstell\u00adten Inhalte und Werke auf die\u00adsen Sei\u00adten unter\u00adlie\u00adgen dem deut\u00adschen Urhe\u00adber\u00adrecht. Die Ver\u00adviel\u00adf\u00e4l\u00adti\u00adgung, Bear\u00adbei\u00adtung, Ver\u00adbrei\u00adtung und jede Art der Ver\u00adwer\u00adtung au\u00dfer\u00adhalb der Gren\u00adzen des Urhe\u00adber\u00adrech\u00adtes bed\u00fcr\u00adfen der schrift\u00adli\u00adchen Zustim\u00admung des jewei\u00adli\u00adgen Autors bzw. Erstel\u00adlers. Down\u00adloads und Kopien die\u00adser Seite sind nur f\u00fcr den pri\u00adva\u00adten, nicht kom\u00admer\u00adzi\u00adel\u00adlen Gebrauch gestat\u00adtet. Soweit die Inhalte auf die\u00adser Seite nicht vom Betrei\u00adber erstellt wur\u00adden, wer\u00adden die Urhe\u00adber\u00adrechte Drit\u00adter beach\u00adtet. Ins\u00adbe\u00adson\u00addere wer\u00adden Inhalte Drit\u00adter als sol\u00adche gekenn\u00adzeich\u00adnet. Soll\u00adten Sie trotz\u00addem auf eine Urhe\u00adber\u00adrechts\u00adver\u00adlet\u00adzung auf\u00admerk\u00adsam wer\u00adden, bit\u00adten wir um einen ent\u00adspre\u00adchen\u00adden Hin\u00adweis. Bei Bekannt\u00adwer\u00adden von Rechts\u00adver\u00adlet\u00adzun\u00adgen wer\u00adden wir der\u00adar\u00adtige Inhalte umge\u00adhend ent\u00adfer\u00adnen.<\/div>\r\n<div id=\"c1604\" class=\"csc-default\">\r\n<p class=\"quelle\">Quelle:\u00a0<em>http\u200d:\/\/\u200dwww.e-recht24.de<\/em><\/p>\r\n<\/div>\r\n<div id=\"c667\" class=\"csc-default\">\r\n<div class=\"csc-header csc-header-n6\">\r\n<h4>Marken- und Warenzeichen<\/h4>\r\n<\/div>\r\nAlle inner\u00adhalb des Inter\u00adnet\u00adan\u00adge\u00adbo\u00adtes genann\u00adten und ggf. durch Dritte gesch\u00fctz\u00adten Mar\u00adken- und Waren\u00adzei\u00adchen unter\u00adlie\u00adgen unein\u00adge\u00adschr\u00e4nkt den Bestim\u00admun\u00adgen des jeweils g\u00fcl\u00adti\u00adgen Kenn\u00adzei\u00adchen\u00adrechts und den Besitz\u00adrech\u00adten der jewei\u00adli\u00adgen ein\u00adge\u00adtra\u00adge\u00adnen Eigen\u00adt\u00fc\u00admer. Allein auf\u00adgrund der blo\u00ad\u00dfen Nen\u00adnung ist nicht der Schluss zu zie\u00adhen, dass Mar\u00adken\u00adzei\u00adchen nicht durch Rechte Drit\u00adter gesch\u00fctzt sind.<\/div>\r\n<h4>K\u00fcnstliche Intelligenz<\/h4>\r\n<p>Auf einigen wenigen Seiten unseres Internetauftritts verwenden haben wir K\u00fcnstliche Intelligenz f\u00fcr die Erstellung von Bildern verwendet, die nur dekorative Zwecke haben. \u00c4hnlichkeiten mit real existierenden Personen sind rein zuf\u00e4llig und nicht beabsichtigt.<\/p>\r\n","protected":false},"excerpt":{"rendered":"<p>Angaben gem\u00e4\u00df \u00a7\u20095 TMG ISA Informationssysteme GmbH, Meisenweg 33, 70771 Leinfelden-Echterdingen, Deutschland Vertreten durch Dipl.-Betriebsw. (FH) Veli Velioglu Kontakt Telefon: +49 711 227 69-0 E-Mail:<\/p>","protected":false},"author":1,"featured_media":0,"parent":0,"menu_order":0,"comment_status":"closed","ping_status":"closed","template":"","meta":{"_seopress_robots_primary_cat":"","_seopress_titles_title":"","_seopress_titles_desc":"Das Impressum enth\u00e4lt die erforderlichen Angaben gem\u00e4\u00df \u00a7 5 TMG. Herausgeber der Webseite ist die ISA Informationssysteme GmbH, Meisenweg 33, 70771 Leinfelden-Echterdingen, vertreten durch Veli Velioglu.","_seopress_robots_index":"yes","_coblocks_attr":"","_coblocks_dimensions":"","_coblocks_responsive_height":"","_coblocks_accordion_ie_support":"","advgb_blocks_editor_width":"","advgb_blocks_columns_visual_guide":"","footnotes":""},"class_list":["post-1575","page","type-page","status-publish","hentry"],"coauthors":[],"author_meta":{"author_link":"https:\/\/www.isa.de\/en\/author\/admin\/","display_name":"Website Admin"},"relative_dates":{"created":"Posted 2 years ago","modified":"Updated 2 months ago"},"absolute_dates":{"created":"Posted on 23. February 2024","modified":"Updated on 26. January 2026"},"absolute_dates_time":{"created":"Posted on 23. February 2024 12:14","modified":"Updated on 26. January 2026 8:53"},"featured_img_caption":"","featured_img":false,"series_order":"","_links":{"self":[{"href":"https:\/\/www.isa.de\/en\/wp-json\/wp\/v2\/pages\/1575","targetHints":{"allow":["GET"]}}],"collection":[{"href":"https:\/\/www.isa.de\/en\/wp-json\/wp\/v2\/pages"}],"about":[{"href":"https:\/\/www.isa.de\/en\/wp-json\/wp\/v2\/types\/page"}],"author":[{"embeddable":true,"href":"https:\/\/www.isa.de\/en\/wp-json\/wp\/v2\/users\/1"}],"replies":[{"embeddable":true,"href":"https:\/\/www.isa.de\/en\/wp-json\/wp\/v2\/comments?post=1575"}],"version-history":[{"count":13,"href":"https:\/\/www.isa.de\/en\/wp-json\/wp\/v2\/pages\/1575\/revisions"}],"predecessor-version":[{"id":7728,"href":"https:\/\/www.isa.de\/en\/wp-json\/wp\/v2\/pages\/1575\/revisions\/7728"}],"wp:attachment":[{"href":"https:\/\/www.isa.de\/en\/wp-json\/wp\/v2\/media?parent=1575"}],"curies":[{"name":"wp","href":"https:\/\/api.w.org\/{rel}","templated":true}]}}