{"id":6514,"date":"2024-12-16T11:57:11","date_gmt":"2024-12-16T10:57:11","guid":{"rendered":"https:\/\/www.isa.de\/?page_id=6514"},"modified":"2025-12-01T13:42:06","modified_gmt":"2025-12-01T12:42:06","slug":"faq","status":"publish","type":"page","link":"https:\/\/www.isa.de\/en\/faq\/","title":{"rendered":"FAQ - Frequently Asked Questions"},"content":{"rendered":"<p>Here you will find answers to frequently asked questions about the <a href=\"https:\/\/www.isa.de\/en\/idm\/\"><strong>ISA Dialog Manager<\/strong><\/a>.<\/p>\n<p>If your question is not listed,\u00a0<a href=\"https:\/\/www.isa.de\/en\/contactform\/\">contact<\/a> us!<\/p>\n<p>&nbsp;<\/p>","protected":false},"excerpt":{"rendered":"<p>Hier finden Sie, thematisch geb\u00fcndelt, Antworten auf h\u00e4ufig gestellte Fragen rund um den ISA Dialog Manager. Sollte Ihre Frage nicht aufgef\u00fchrt sein,\u00a0kontaktieren Sie uns einfach!<\/p>","protected":false},"author":2,"featured_media":2642,"parent":0,"menu_order":0,"comment_status":"closed","ping_status":"closed","template":"","meta":{"_seopress_robots_primary_cat":"","_seopress_titles_title":"","_seopress_titles_desc":"","_seopress_robots_index":"","_coblocks_attr":"","_coblocks_dimensions":"","_coblocks_responsive_height":"","_coblocks_accordion_ie_support":"","advgb_blocks_editor_width":"","advgb_blocks_columns_visual_guide":"","footnotes":""},"class_list":["post-6514","page","type-page","status-publish","has-post-thumbnail","hentry"],"coauthors":[],"author_meta":{"author_link":"https:\/\/www.isa.de\/en\/author\/giebeler\/","display_name":"Markus Giebeler"},"relative_dates":{"created":"Posted 1 year ago","modified":"Updated 4 months ago"},"absolute_dates":{"created":"Posted on 16. December 2024","modified":"Updated on 1. December 2025"},"absolute_dates_time":{"created":"Posted on 16. December 2024 11:57","modified":"Updated on 1. December 2025 13:42"},"featured_img_caption":"Contact Us. telephone, envelope letter and email icons in on table with blurred office background. Website and Internet contact us page. blank web page with contacts. customer service support","featured_img":"https:\/\/www.isa.de\/wp-content\/uploads\/contact_banner.jpg","series_order":"","_links":{"self":[{"href":"https:\/\/www.isa.de\/en\/wp-json\/wp\/v2\/pages\/6514","targetHints":{"allow":["GET"]}}],"collection":[{"href":"https:\/\/www.isa.de\/en\/wp-json\/wp\/v2\/pages"}],"about":[{"href":"https:\/\/www.isa.de\/en\/wp-json\/wp\/v2\/types\/page"}],"author":[{"embeddable":true,"href":"https:\/\/www.isa.de\/en\/wp-json\/wp\/v2\/users\/2"}],"replies":[{"embeddable":true,"href":"https:\/\/www.isa.de\/en\/wp-json\/wp\/v2\/comments?post=6514"}],"version-history":[{"count":11,"href":"https:\/\/www.isa.de\/en\/wp-json\/wp\/v2\/pages\/6514\/revisions"}],"predecessor-version":[{"id":7481,"href":"https:\/\/www.isa.de\/en\/wp-json\/wp\/v2\/pages\/6514\/revisions\/7481"}],"wp:featuredmedia":[{"embeddable":true,"href":"https:\/\/www.isa.de\/en\/wp-json\/wp\/v2\/media\/2642"}],"wp:attachment":[{"href":"https:\/\/www.isa.de\/en\/wp-json\/wp\/v2\/media?parent=6514"}],"curies":[{"name":"wp","href":"https:\/\/api.w.org\/{rel}","templated":true}]}}